{"id":10,"date":"2021-01-31T21:18:17","date_gmt":"2021-02-01T00:18:17","guid":{"rendered":"http:\/\/servicios.valpovinaturismo.cl\/?post_type=product&#038;p=10"},"modified":"2021-02-09T17:27:55","modified_gmt":"2021-02-09T20:27:55","slug":"tour-costa-pacifico","status":"publish","type":"product","link":"https:\/\/servicios.valpovinaturismo.cl\/index.php\/producto\/tour-costa-pacifico\/","title":{"rendered":"Tour Costa Pacifico"},"content":{"rendered":"<p><span class=\"field-label \">Lugares a Visitar:\u00a0<\/span><span class=\"field-value\">Centro de Vi\u00f1a Del Mar \u2013 Re\u00f1aca y Concon<\/span><span class=\"field-label \">Horario:\u00a0<\/span><span class=\"field-value\">Todos los d\u00edas, excepto d\u00edas 18 Septiembre Fiestas Patrias, 25 Diciembre y 1 Enero. D\u00edas 24y 31 de Diciembre opera solamente AM<\/span><\/p>\n<p><span class=\"field-label \">Punto de encuentro:\u00a0<\/span><span class=\"field-value\">se inicia recogida a partir de las 14.15 en sgtes. hoteles <\/span><\/p>\n<p><span class=\"field-value\">En Valpara\u00edso: Frontis de los sgtes. Hoteles: Diego de Almagro y Hotel Ibis. <\/span><\/p>\n<p><span class=\"field-value\">En Vi\u00f1a del Mar Frontis de los sgtes. Hoteles: Hotel O\u00b4Higgins, Gala, Del Mar (Enjoy), Sheraton Miramar y Hotel Marina del Rey<\/span><\/p>\n<p><span class=\"field-label \">Incluye:\u00a0<\/span><span class=\"field-value\">Veh\u00edculo autorizado + chofer profesional + gu\u00eda de turismo local Espa\u00f1ol\/Ingl\u00e9s<\/span><\/p>\n","protected":false},"excerpt":{"rendered":"<p>Lugares a Visitar:\u00a0Centro de Vi\u00f1a Del Mar \u2013 Re\u00f1aca y ConconHorario:\u00a0Todos los d\u00edas, excepto d\u00edas 18 Septiembre Fiestas Patrias, 25 Diciembre y 1 Enero. D\u00edas 24y 31 de Diciembre opera solamente AM Punto de encuentro:\u00a0se inicia recogida a partir de las 14.15 en sgtes. hoteles En Valpara\u00edso: Frontis de los sgtes. Hoteles: Diego de Almagro [&hellip;]<\/p>\n","protected":false},"featured_media":13,"template":"","meta":[],"_links":{"self":[{"href":"https:\/\/servicios.valpovinaturismo.cl\/index.php\/wp-json\/wp\/v2\/product\/10"}],"collection":[{"href":"https:\/\/servicios.valpovinaturismo.cl\/index.php\/wp-json\/wp\/v2\/product"}],"about":[{"href":"https:\/\/servicios.valpovinaturismo.cl\/index.php\/wp-json\/wp\/v2\/types\/product"}],"wp:featuredmedia":[{"embeddable":true,"href":"https:\/\/servicios.valpovinaturismo.cl\/index.php\/wp-json\/wp\/v2\/media\/13"}],"wp:attachment":[{"href":"https:\/\/servicios.valpovinaturismo.cl\/index.php\/wp-json\/wp\/v2\/media?parent=10"}],"curies":[{"name":"wp","href":"https:\/\/api.w.org\/{rel}","templated":true}]}}