{"id":24,"date":"2021-02-10T16:42:27","date_gmt":"2021-02-10T19:42:27","guid":{"rendered":"http:\/\/servicios.valpovinaturismo.cl\/?post_type=product&#038;p=24"},"modified":"2021-02-10T16:46:52","modified_gmt":"2021-02-10T19:46:52","slug":"valparaiso-cerros-y-miradores","status":"publish","type":"product","link":"https:\/\/servicios.valpovinaturismo.cl\/index.php\/producto\/valparaiso-cerros-y-miradores\/","title":{"rendered":"Valpara\u00edso Cerros y Miradores"},"content":{"rendered":"<p><span class=\"field-label \">Lugares a Visitar:\u00a0<\/span><span class=\"field-value\">Casco Hist\u00f3rico \u2013 Principales Cerros y Miradores<\/span><\/p>\n<p><span class=\"field-label \">Horario:\u00a0<\/span><span class=\"field-value\">Todos los d\u00edas, excepto d\u00edas 18 Septiembre Fiestas Patrias, 25 Diciembre y 1 Enero. D\u00edas 24 y 31 de Diciembre opera solamente AM.<\/span><\/p>\n<p><span class=\"field-label \">Punto de encuentro:\u00a0<\/span><span class=\"field-value\">Se inicia recogida a partir de las 08.30 en sgtes. hoteles. En Vi\u00f1a del Mar Frontis de los sgtes. Hoteles: Hotel O\u00b4Higgins, Gala, Del Mar (Enjoy), Sheraton Miramar y Hotel Marina del Rey En Valpara\u00edso: Frontis de los sgtes. Hoteles: Diego de Almagro y Hotel Ibis.<\/span><\/p>\n<p><span class=\"field-label \">Incluye:\u00a0<\/span><span class=\"field-value\">Veh\u00edculo autorizado + chofer profesional + gu\u00eda de turismo Espa\u00f1ol\/Ingles + ticket de ascensor tradicional.<\/span><\/p>\n","protected":false},"excerpt":{"rendered":"<p>Lugares a Visitar:\u00a0Casco Hist\u00f3rico \u2013 Principales Cerros y Miradores Horario:\u00a0Todos los d\u00edas, excepto d\u00edas 18 Septiembre Fiestas Patrias, 25 Diciembre y 1 Enero. D\u00edas 24 y 31 de Diciembre opera solamente AM. Punto de encuentro:\u00a0Se inicia recogida a partir de las 08.30 en sgtes. hoteles. En Vi\u00f1a del Mar Frontis de los sgtes. Hoteles: Hotel [&hellip;]<\/p>\n","protected":false},"featured_media":15,"template":"","meta":[],"_links":{"self":[{"href":"https:\/\/servicios.valpovinaturismo.cl\/index.php\/wp-json\/wp\/v2\/product\/24"}],"collection":[{"href":"https:\/\/servicios.valpovinaturismo.cl\/index.php\/wp-json\/wp\/v2\/product"}],"about":[{"href":"https:\/\/servicios.valpovinaturismo.cl\/index.php\/wp-json\/wp\/v2\/types\/product"}],"wp:featuredmedia":[{"embeddable":true,"href":"https:\/\/servicios.valpovinaturismo.cl\/index.php\/wp-json\/wp\/v2\/media\/15"}],"wp:attachment":[{"href":"https:\/\/servicios.valpovinaturismo.cl\/index.php\/wp-json\/wp\/v2\/media?parent=24"}],"curies":[{"name":"wp","href":"https:\/\/api.w.org\/{rel}","templated":true}]}}